{"id":2488,"date":"2025-04-18T15:16:36","date_gmt":"2025-04-18T19:16:36","guid":{"rendered":"https:\/\/mediawall.news\/annoncez-avec-nous\/"},"modified":"2025-04-19T06:15:17","modified_gmt":"2025-04-19T10:15:17","slug":"annoncez-avec-nous","status":"publish","type":"page","link":"https:\/\/www.mediawall.news\/fr\/annoncez-avec-nous\/","title":{"rendered":"Annoncez avec nous"},"content":{"rendered":"\t\t<div data-elementor-type=\"wp-page\" data-elementor-id=\"2488\" class=\"elementor elementor-2488 elementor-2475\">\n\t\t\t\t<div class=\"elementor-element elementor-element-3d4acfa e-flex e-con-boxed e-con e-parent\" data-id=\"3d4acfa\" data-element_type=\"container\" data-e-type=\"container\">\n\t\t\t\t\t<div class=\"e-con-inner\">\n\t\t\t\t<div class=\"elementor-element elementor-element-0bfba4c elementor-widget elementor-widget-heading\" data-id=\"0bfba4c\" data-element_type=\"widget\" data-e-type=\"widget\" data-widget_type=\"heading.default\">\n\t\t\t\t<div class=\"elementor-widget-container\">\n\t\t\t\t\t<h2 class=\"elementor-heading-title elementor-size-default\">\ud83d\udce2 Annoncez avec nous<\/h2>\t\t\t\t<\/div>\n\t\t\t\t<\/div>\n\t\t\t\t<div class=\"elementor-element elementor-element-b781c55 elementor-widget elementor-widget-html\" data-id=\"b781c55\" data-element_type=\"widget\" data-e-type=\"widget\" data-widget_type=\"html.default\">\n\t\t\t\t<div class=\"elementor-widget-container\">\n\t\t\t\t\t<p style=\"font-size: 15px; margin-top: 10px;\">\nConnectez votre marque \u00e0 un public national qui valorise le journalisme ind\u00e9pendant et perspicace. Chez <strong>Media Wall News<\/strong>, nous proposons des solutions publicitaires adapt\u00e9es aux organisations qui partagent notre engagement envers un dialogue civique \u00e9clair\u00e9, la diversit\u00e9 et la confiance du public.\n<\/p>\n\n<h3 style=\"margin-top: 30px;\">Pourquoi devenir partenaire de Media Wall News ?<\/h3>\n<ul style=\"font-size: 14px; line-height: 1.8; padding-left: 20px; margin-top: 10px;\">\n  <li><strong>Atteignez un public canadien engag\u00e9<\/strong> d'un oc\u00e9an \u00e0 l'autre, en anglais et en fran\u00e7ais.<\/li>\n  <li><strong>Alignez votre marque<\/strong> avec un journalisme de haute qualit\u00e9 et des reportages d'int\u00e9r\u00eat public.<\/li>\n  <li><strong>Opportunit\u00e9s flexibles<\/strong> incluant du contenu sponsoris\u00e9, des publicit\u00e9s natives, des emplacements display et des parrainages de newsletter.<\/li>\n  <li><strong>Options de ciblage personnalis\u00e9es<\/strong> bas\u00e9es sur la r\u00e9gion, le sujet ou la pr\u00e9f\u00e9rence linguistique.<\/li>\n<\/ul>\n\n<h3 style=\"margin-top: 30px;\">Avec qui nous travaillons<\/h3>\n<p style=\"font-size: 14px; margin-top: 10px;\">\nNous collaborons avec des ONG, des \u00e9tablissements d'enseignement, des marques socialement responsables, des organisations culturelles, des groupes de politique publique, et plus encore. Si votre message est align\u00e9 sur la transparence, l'engagement civique ou la diversit\u00e9 \u2014 nous sommes un excellent choix.\n<\/p>\n\n<h3 style=\"margin-top: 30px;\">Formats publicitaires & Opportunit\u00e9s<\/h3>\n<ul style=\"font-size: 14px; line-height: 1.8; padding-left: 20px; margin-top: 10px;\">\n  <li>\ud83c\udfaf Articles & S\u00e9ries Sponsoris\u00e9s<\/li>\n  <li>\ud83d\udcf0 Parrainage de Newsletter<\/li>\n  <li>\ud83d\udcf1 Publicit\u00e9s Display (Web & Mobile)<\/li>\n  <li>\ud83c\udf99\ufe0f Parrainage de Podcast<\/li>\n  <li>\ud83e\udd1d Campagnes Collaboratives<\/li>\n<\/ul>\n\n<h3 style=\"margin-top: 30px;\">Discutons-en<\/h3>\n<p style=\"font-size: 14px; margin-top: 10px;\">\nContactez notre \u00e9quipe publicitaire pour recevoir notre kit m\u00e9dia, l'analyse de notre audience et une proposition personnalis\u00e9e :\n<br>\n\ud83d\udce7 <a href=\"mailto:partners@mediawall.news\">partners@mediawall.news<\/a>\n<\/p>\n\n\n<hr style=\"margin: 40px 0;\">\n\n<h3>Voir aussi :<\/h3>\n<ul style=\"font-size: 14px; line-height: 1.6; padding-left: 20px;margin-top: 10px;margin-bottom: 50px;\">\n  <li><a href=\"https:\/\/mediawall.news\/fr\/a-propos-de-nous\/\" rel=\"nofollow noopener\" target=\"_blank\">\u00c0 propos de nous<\/a><\/li>\n  <li><a href=\"https:\/\/mediawall.news\/fr\/contact\/\" rel=\"nofollow noopener\" target=\"_blank\">Contactez-nous<\/a><\/li>\n<\/ul>\n\t\t\t\t<\/div>\n\t\t\t\t<\/div>\n\t\t\t\t\t<\/div>\n\t\t\t\t<\/div>\n\t\t\t\t<\/div>\n\t\t","protected":false},"excerpt":{"rendered":"<p>\ud83d\udce2 Annoncez avec nous Connectez votre marque \u00e0 un public national qui valorise le journalisme ind\u00e9pendant et perspicace. Chez Media Wall News, nous proposons des solutions publicitaires adapt\u00e9es aux organisations qui partagent notre engagement envers un dialogue civique \u00e9clair\u00e9, la diversit\u00e9 et la confiance du public. Pourquoi devenir partenaire de Media Wall News ? Atteignez [&hellip;]<\/p>\n","protected":false},"author":1,"featured_media":0,"parent":0,"menu_order":0,"comment_status":"closed","ping_status":"closed","template":"","meta":{"footnotes":""},"class_list":["post-2488","page","type-page","status-publish"],"_form":null,"_mail":null,"_mail_2":null,"_messages":null,"_additional_settings":null,"_locale":null,"_hash":null,"_wp_attached_file":null,"_wp_attachment_metadata":null,"_elementor_page_settings":null,"_menu_item_type":null,"_menu_item_menu_item_parent":null,"_menu_item_object_id":null,"_menu_item_object":null,"_menu_item_target":null,"_menu_item_classes":null,"_menu_item_xfn":null,"_menu_item_url":null,"_thumbnail_id":null,"_wp_old_slug":null,"_oembed_aabfd980ef699725dc5d6ea0f5c5f063":null,"_oembed_time_aabfd980ef699725dc5d6ea0f5c5f063":null,"foxiz_menu_meta":null,"foxiz_user_rating":null,"_wp_attachment_image_alt":null,"ruby_tagline":null,"ruby_live_blog":null,"rank_math_primary_category":null,"_wp_attachment_context":null,"wpml_media_processed":null,"ppmacf_slug":null,"ppmacf_type":null,"ppmacf_field_status":null,"ppmacf_requirement":null,"ppmacf_social_profile":null,"ppmacf_schema_property":null,"ppmacf_rel":null,"ppmacf_target":null,"ppmacf_description":null,"ppmacf_inbuilt":null,"ppma_boxes_layout_meta_value":null,"ppma_disable_author_box":null,"_mc4wp_settings":null,"text_subscribed":null,"text_invalid_email":null,"text_required_field_missing":null,"text_already_subscribed":null,"text_error":null,"text_unsubscribed":null,"text_not_subscribed":null,"text_no_lists_selected":null,"text_updated":null,"text_spam":null,"_pingme":null,"_encloseme":null,"_wp_trash_meta_comments_status":null,"_elementor_page_assets":{"styles":["widget-heading"],"scripts":["elementor-frontend"]},"_elementor_element_cache":"{\"timeout\":1777652193,\"value\":{\"content\":\"<div class=\\\"elementor-element elementor-element-3d4acfa e-flex e-con-boxed e-con e-parent\\\" data-id=\\\"3d4acfa\\\" data-element_type=\\\"container\\\" data-e-type=\\\"container\\\">\\n\\t\\t\\t\\t\\t<div class=\\\"e-con-inner\\\">\\n\\t\\t\\t\\t<div class=\\\"elementor-element elementor-element-0bfba4c elementor-widget elementor-widget-heading\\\" data-id=\\\"0bfba4c\\\" data-element_type=\\\"widget\\\" data-e-type=\\\"widget\\\" data-widget_type=\\\"heading.default\\\">\\n\\t\\t\\t\\t<div class=\\\"elementor-widget-container\\\">\\n\\t\\t\\t\\t\\t<h2 class=\\\"elementor-heading-title elementor-size-default\\\">\\ud83d\\udce2 Annoncez avec nous<\\\/h2>\\t\\t\\t\\t<\\\/div>\\n\\t\\t\\t\\t<\\\/div>\\n\\t\\t\\t\\t<div class=\\\"elementor-element elementor-element-b781c55 elementor-widget elementor-widget-html\\\" data-id=\\\"b781c55\\\" data-element_type=\\\"widget\\\" data-e-type=\\\"widget\\\" data-widget_type=\\\"html.default\\\">\\n\\t\\t\\t\\t<div class=\\\"elementor-widget-container\\\">\\n\\t\\t\\t\\t\\t<p style=\\\"font-size: 15px; margin-top: 10px;\\\">\\nConnectez votre marque \\u00e0 un public national qui valorise le journalisme ind\\u00e9pendant et perspicace. Chez <strong>Media Wall News<\\\/strong>, nous proposons des solutions publicitaires adapt\\u00e9es aux organisations qui partagent notre engagement envers un dialogue civique \\u00e9clair\\u00e9, la diversit\\u00e9 et la confiance du public.\\n<\\\/p>\\n\\n<h3 style=\\\"margin-top: 30px;\\\">Pourquoi devenir partenaire de Media Wall News ?<\\\/h3>\\n<ul style=\\\"font-size: 14px; line-height: 1.8; padding-left: 20px; margin-top: 10px;\\\">\\n  <li><strong>Atteignez un public canadien engag\\u00e9<\\\/strong> d'un oc\\u00e9an \\u00e0 l'autre, en anglais et en fran\\u00e7ais.<\\\/li>\\n  <li><strong>Alignez votre marque<\\\/strong> avec un journalisme de haute qualit\\u00e9 et des reportages d'int\\u00e9r\\u00eat public.<\\\/li>\\n  <li><strong>Opportunit\\u00e9s flexibles<\\\/strong> incluant du contenu sponsoris\\u00e9, des publicit\\u00e9s natives, des emplacements display et des parrainages de newsletter.<\\\/li>\\n  <li><strong>Options de ciblage personnalis\\u00e9es<\\\/strong> bas\\u00e9es sur la r\\u00e9gion, le sujet ou la pr\\u00e9f\\u00e9rence linguistique.<\\\/li>\\n<\\\/ul>\\n\\n<h3 style=\\\"margin-top: 30px;\\\">Avec qui nous travaillons<\\\/h3>\\n<p style=\\\"font-size: 14px; margin-top: 10px;\\\">\\nNous collaborons avec des ONG, des \\u00e9tablissements d'enseignement, des marques socialement responsables, des organisations culturelles, des groupes de politique publique, et plus encore. Si votre message est align\\u00e9 sur la transparence, l'engagement civique ou la diversit\\u00e9 \\u2014 nous sommes un excellent choix.\\n<\\\/p>\\n\\n<h3 style=\\\"margin-top: 30px;\\\">Formats publicitaires & Opportunit\\u00e9s<\\\/h3>\\n<ul style=\\\"font-size: 14px; line-height: 1.8; padding-left: 20px; margin-top: 10px;\\\">\\n  <li>\\ud83c\\udfaf Articles & S\\u00e9ries Sponsoris\\u00e9s<\\\/li>\\n  <li>\\ud83d\\udcf0 Parrainage de Newsletter<\\\/li>\\n  <li>\\ud83d\\udcf1 Publicit\\u00e9s Display (Web & Mobile)<\\\/li>\\n  <li>\\ud83c\\udf99\\ufe0f Parrainage de Podcast<\\\/li>\\n  <li>\\ud83e\\udd1d Campagnes Collaboratives<\\\/li>\\n<\\\/ul>\\n\\n<h3 style=\\\"margin-top: 30px;\\\">Discutons-en<\\\/h3>\\n<p style=\\\"font-size: 14px; margin-top: 10px;\\\">\\nContactez notre \\u00e9quipe publicitaire pour recevoir notre kit m\\u00e9dia, l'analyse de notre audience et une proposition personnalis\\u00e9e :\\n<br>\\n\\ud83d\\udce7 <a href=\\\"mailto:partners@mediawall.news\\\">partners@mediawall.news<\\\/a>\\n<\\\/p>\\n\\n\\n<hr style=\\\"margin: 40px 0;\\\">\\n\\n<h3>Voir aussi :<\\\/h3>\\n<ul style=\\\"font-size: 14px; line-height: 1.6; padding-left: 20px;margin-top: 10px;margin-bottom: 50px;\\\">\\n  <li><a href=\\\"https:\\\/\\\/mediawall.news\\\/fr\\\/a-propos-de-nous\\\/\\\">\\u00c0 propos de nous<\\\/a><\\\/li>\\n  <li><a href=\\\"https:\\\/\\\/mediawall.news\\\/fr\\\/contact\\\/\\\">Contactez-nous<\\\/a><\\\/li>\\n<\\\/ul>\\n\\t\\t\\t\\t<\\\/div>\\n\\t\\t\\t\\t<\\\/div>\\n\\t\\t\\t\\t\\t<\\\/div>\\n\\t\\t\\t\\t<\\\/div>\\n\\t\\t\",\"scripts\":[],\"styles\":[]}}","_wp_page_template":"default","_elementor_edit_mode":"builder","_elementor_template_type":"wp-page","foxiz_content_total_word":"215","_elementor_version":"3.28.3","_elementor_data":"[{\"id\":\"3d4acfa\",\"elType\":\"container\",\"settings\":[],\"elements\":[{\"id\":\"0bfba4c\",\"elType\":\"widget\",\"settings\":{\"title\":\"\\ud83d\\udce2 Annoncez avec nous\",\"align\":\"center\",\"_margin\":{\"unit\":\"px\",\"top\":\"20\",\"right\":\"20\",\"bottom\":\"20\",\"left\":\"20\",\"isLinked\":true}},\"elements\":[],\"widgetType\":\"heading\"},{\"id\":\"b781c55\",\"elType\":\"widget\",\"settings\":{\"html\":\"<p style=\\\"font-size: 15px; margin-top: 10px;\\\">\\nConnectez votre marque \\u00e0 un public national qui valorise le journalisme ind\\u00e9pendant et perspicace. Chez <strong>Media Wall News<\\\/strong>, nous proposons des solutions publicitaires adapt\\u00e9es aux organisations qui partagent notre engagement envers un dialogue civique \\u00e9clair\\u00e9, la diversit\\u00e9 et la confiance du public.\\n<\\\/p>\\n\\n<h3 style=\\\"margin-top: 30px;\\\">Pourquoi devenir partenaire de Media Wall News ?<\\\/h3>\\n<ul style=\\\"font-size: 14px; line-height: 1.8; padding-left: 20px; margin-top: 10px;\\\">\\n  <li><strong>Atteignez un public canadien engag\\u00e9<\\\/strong> d'un oc\\u00e9an \\u00e0 l'autre, en anglais et en fran\\u00e7ais.<\\\/li>\\n  <li><strong>Alignez votre marque<\\\/strong> avec un journalisme de haute qualit\\u00e9 et des reportages d'int\\u00e9r\\u00eat public.<\\\/li>\\n  <li><strong>Opportunit\\u00e9s flexibles<\\\/strong> incluant du contenu sponsoris\\u00e9, des publicit\\u00e9s natives, des emplacements display et des parrainages de newsletter.<\\\/li>\\n  <li><strong>Options de ciblage personnalis\\u00e9es<\\\/strong> bas\\u00e9es sur la r\\u00e9gion, le sujet ou la pr\\u00e9f\\u00e9rence linguistique.<\\\/li>\\n<\\\/ul>\\n\\n<h3 style=\\\"margin-top: 30px;\\\">Avec qui nous travaillons<\\\/h3>\\n<p style=\\\"font-size: 14px; margin-top: 10px;\\\">\\nNous collaborons avec des ONG, des \\u00e9tablissements d'enseignement, des marques socialement responsables, des organisations culturelles, des groupes de politique publique, et plus encore. Si votre message est align\\u00e9 sur la transparence, l'engagement civique ou la diversit\\u00e9 \\u2014 nous sommes un excellent choix.\\n<\\\/p>\\n\\n<h3 style=\\\"margin-top: 30px;\\\">Formats publicitaires & Opportunit\\u00e9s<\\\/h3>\\n<ul style=\\\"font-size: 14px; line-height: 1.8; padding-left: 20px; margin-top: 10px;\\\">\\n  <li>\\ud83c\\udfaf Articles & S\\u00e9ries Sponsoris\\u00e9s<\\\/li>\\n  <li>\\ud83d\\udcf0 Parrainage de Newsletter<\\\/li>\\n  <li>\\ud83d\\udcf1 Publicit\\u00e9s Display (Web & Mobile)<\\\/li>\\n  <li>\\ud83c\\udf99\\ufe0f Parrainage de Podcast<\\\/li>\\n  <li>\\ud83e\\udd1d Campagnes Collaboratives<\\\/li>\\n<\\\/ul>\\n\\n<h3 style=\\\"margin-top: 30px;\\\">Discutons-en<\\\/h3>\\n<p style=\\\"font-size: 14px; margin-top: 10px;\\\">\\nContactez notre \\u00e9quipe publicitaire pour recevoir notre kit m\\u00e9dia, l'analyse de notre audience et une proposition personnalis\\u00e9e :\\n<br>\\n\\ud83d\\udce7 <a href=\\\"mailto:partners@mediawall.news\\\">partners@mediawall.news<\\\/a>\\n<\\\/p>\\n\\n\\n<hr style=\\\"margin: 40px 0;\\\">\\n\\n<h3>Voir aussi :<\\\/h3>\\n<ul style=\\\"font-size: 14px; line-height: 1.6; padding-left: 20px;margin-top: 10px;margin-bottom: 50px;\\\">\\n  <li><a href=\\\"https:\\\/\\\/mediawall.news\\\/fr\\\/a-propos-de-nous\\\/\\\">\\u00c0 propos de nous<\\\/a><\\\/li>\\n  <li><a href=\\\"https:\\\/\\\/mediawall.news\\\/fr\\\/contact\\\/\\\">Contactez-nous<\\\/a><\\\/li>\\n<\\\/ul>\\n\"},\"elements\":[],\"widgetType\":\"html\"}],\"isInner\":false}]","ppma_authors_name":"Claire Duval","rb_global_meta":{"last_tab":{"foxiz_page_options":""},"page_header_style":"0","page_breadcrumb":"0","breadcrumb_pos":"0","page_header_width":"default","width_wo_sb":"default","sidebar_position":"default","sidebar_name":"default","table_contents_page":"default","table_contents_layout":"default","table_contents_position":"","header_style":"0","header_template":"","mh_template":"","nav_style":"default","footer_template":"","meta_description":"","disable_top_ad":"default","disable_header_ad":"default","alert_bar":"default","auto_ads":"default"},"_elementor_controls_usage":null,"_wp_old_date":null,"ao_post_optimize":null,"rank_math_analytic_object_id":null,"rank_math_og_content_image":null,"_edit_lock":null,"rank_math_seo_score":null,"rank_math_internal_links_processed":null,"_edit_last":null,"_wpml_word_count":"269","_wpml_location_migration_done":null,"rank_math_focus_keyword":null,"rank_math_title":"Annoncez avec nous | Media Wall News \u2013 Atteignez des lecteurs canadiens engag\u00e9s","rank_math_description":"Promouvez votre marque avec Media Wall News. D\u00e9couvrez des formats publicitaires personnalis\u00e9s, du contenu sponsoris\u00e9 et des opportunit\u00e9s de partenariat pour connecter avec un public canadien bilingue et engag\u00e9 civiquement.","_wpml_media_duplicate":null,"_wpml_media_featured":null,"_top_nav_excluded":"","_cms_nav_minihome":"","_last_translation_edit_mode":"translation-editor","_elementor_template_widget_type":"","_elementor_popup_display_settings":"","_wp_trash_meta_status":null,"_wp_trash_meta_time":null,"_wp_desired_post_slug":null,"_elementor_css":{"time":1777580193,"fonts":[],"icons":[],"dynamic_elements_ids":[],"status":"file","0":""},"_links":{"self":[{"href":"https:\/\/www.mediawall.news\/fr\/wp-json\/wp\/v2\/pages\/2488","targetHints":{"allow":["GET"]}}],"collection":[{"href":"https:\/\/www.mediawall.news\/fr\/wp-json\/wp\/v2\/pages"}],"about":[{"href":"https:\/\/www.mediawall.news\/fr\/wp-json\/wp\/v2\/types\/page"}],"author":[{"embeddable":true,"href":"https:\/\/www.mediawall.news\/fr\/wp-json\/wp\/v2\/users\/1"}],"replies":[{"embeddable":true,"href":"https:\/\/www.mediawall.news\/fr\/wp-json\/wp\/v2\/comments?post=2488"}],"version-history":[{"count":4,"href":"https:\/\/www.mediawall.news\/fr\/wp-json\/wp\/v2\/pages\/2488\/revisions"}],"predecessor-version":[{"id":2494,"href":"https:\/\/www.mediawall.news\/fr\/wp-json\/wp\/v2\/pages\/2488\/revisions\/2494"}],"wp:attachment":[{"href":"https:\/\/www.mediawall.news\/fr\/wp-json\/wp\/v2\/media?parent=2488"}],"curies":[{"name":"wp","href":"https:\/\/api.w.org\/{rel}","templated":true}]}}